{"id":782,"date":"2024-01-16T07:11:45","date_gmt":"2024-01-16T07:11:45","guid":{"rendered":"https:\/\/unibat.org\/centre-de-divulgacio\/"},"modified":"2024-01-22T12:45:37","modified_gmt":"2024-01-22T12:45:37","slug":"centre-de-divulgacio","status":"publish","type":"page","link":"https:\/\/unibat.org\/ca\/centre-de-divulgacio\/","title":{"rendered":"Centre de divulgaci\u00f3"},"content":{"rendered":"<p>[et_pb_section fb_built=&#8221;1&#8243; disabled_on=&#8221;off|on|on&#8221; admin_label=&#8221;Header-CAT&#8221; module_id=&#8221;header&#8221; _builder_version=&#8221;4.23.4&#8243; _module_preset=&#8221;default&#8221; background_color=&#8221;#0075bc&#8221; custom_margin=&#8221;0px||0px||false|false&#8221; custom_padding=&#8221;0px||0px||false|false&#8221; saved_tabs=&#8221;all&#8221; global_colors_info=&#8221;{}&#8221; global_module=&#8221;1013&#8243; theme_builder_area=&#8221;post_content&#8221;][et_pb_row _builder_version=&#8221;4.23.4&#8243; _module_preset=&#8221;default&#8221; custom_margin=&#8221;0px||0px||false|false&#8221; custom_padding=&#8221;0px||0px||false|false&#8221; global_colors_info=&#8221;{}&#8221; theme_builder_area=&#8221;post_content&#8221;][et_pb_column type=&#8221;4_4&#8243; _builder_version=&#8221;4.23.4&#8243; _module_preset=&#8221;default&#8221; global_colors_info=&#8221;{}&#8221; theme_builder_area=&#8221;post_content&#8221;][et_pb_text admin_label=&#8221;Idiomas&#8221; module_id=&#8221;idiomas&#8221; _builder_version=&#8221;4.23.4&#8243; _module_preset=&#8221;default&#8221; global_colors_info=&#8221;{}&#8221; theme_builder_area=&#8221;post_content&#8221;]\n<div class=\"wpml-ls-statics-footer wpml-ls wpml-ls-legacy-list-horizontal\">\n\t<ul><li class=\"wpml-ls-slot-footer wpml-ls-item wpml-ls-item-es wpml-ls-first-item wpml-ls-item-legacy-list-horizontal\">\n\t\t\t\t<a href=\"https:\/\/unibat.org\/\" class=\"wpml-ls-link\">\n                    <span class=\"wpml-ls-native\" lang=\"es\">Espa\u00f1ol<\/span><\/a>\n\t\t\t<\/li><li class=\"wpml-ls-slot-footer wpml-ls-item wpml-ls-item-ca wpml-ls-current-language wpml-ls-item-legacy-list-horizontal\">\n\t\t\t\t<a href=\"https:\/\/unibat.org\/ca\/\" class=\"wpml-ls-link\">\n                    <span class=\"wpml-ls-native\">Catal\u00e0<\/span><\/a>\n\t\t\t<\/li><li class=\"wpml-ls-slot-footer wpml-ls-item wpml-ls-item-en wpml-ls-item-legacy-list-horizontal\">\n\t\t\t\t<a href=\"https:\/\/unibat.org\/en\/\" class=\"wpml-ls-link\">\n                    <span class=\"wpml-ls-native\" lang=\"en\">English<\/span><\/a>\n\t\t\t<\/li><li class=\"wpml-ls-slot-footer wpml-ls-item wpml-ls-item-fr wpml-ls-item-legacy-list-horizontal\">\n\t\t\t\t<a href=\"https:\/\/unibat.org\/fr\/\" class=\"wpml-ls-link\">\n                    <span class=\"wpml-ls-native\" lang=\"fr\">Fran\u00e7ais<\/span><\/a>\n\t\t\t<\/li><li class=\"wpml-ls-slot-footer wpml-ls-item wpml-ls-item-de wpml-ls-last-item wpml-ls-item-legacy-list-horizontal\">\n\t\t\t\t<a href=\"https:\/\/unibat.org\/de\/\" class=\"wpml-ls-link\">\n                    <span class=\"wpml-ls-native\" lang=\"de\">Deutsch<\/span><\/a>\n\t\t\t<\/li><\/ul>\n<\/div>\n[\/et_pb_text][\/et_pb_column][\/et_pb_row][et_pb_row column_structure=&#8221;1_2,1_2&#8243; _builder_version=&#8221;4.23.4&#8243; _module_preset=&#8221;default&#8221; global_colors_info=&#8221;{}&#8221; theme_builder_area=&#8221;post_content&#8221;][et_pb_column type=&#8221;1_2&#8243; _builder_version=&#8221;4.23.4&#8243; _module_preset=&#8221;default&#8221; global_colors_info=&#8221;{}&#8221; theme_builder_area=&#8221;post_content&#8221;][et_pb_image src=&#8221;https:\/\/unibat.org\/wp-content\/uploads\/2024\/01\/unibat.png&#8221; title_text=&#8221;unibat&#8221; url=&#8221;@ET-DC@eyJkeW5hbWljIjp0cnVlLCJjb250ZW50IjoicG9zdF9saW5rX3VybF9wYWdlIiwic2V0dGluZ3MiOnsicG9zdF9pZCI6IjIiLCJlbmFibGVfaHRtbCI6Im9mZiJ9fQ==@&#8221; force_fullwidth=&#8221;on&#8221; _builder_version=&#8221;4.23.4&#8243; _dynamic_attributes=&#8221;url&#8221; _module_preset=&#8221;default&#8221; custom_margin=&#8221;||0px||false|false&#8221; custom_padding=&#8221;||0px||false|false&#8221; global_colors_info=&#8221;{}&#8221; theme_builder_area=&#8221;post_content&#8221;][\/et_pb_image][et_pb_text _builder_version=&#8221;4.23.4&#8243; _module_preset=&#8221;default&#8221; text_text_color=&#8221;#FFFFFF&#8221; custom_margin=&#8221;||0px||false|false&#8221; custom_padding=&#8221;||0px||false|false&#8221; global_colors_info=&#8221;{}&#8221; theme_builder_area=&#8221;post_content&#8221;]<\/p>\n<h2 style=\"color:#fff;\">Responsabilitat ambiental<\/h2>\n<p>[\/et_pb_text][\/et_pb_column][et_pb_column type=&#8221;1_2&#8243; _builder_version=&#8221;4.23.4&#8243; _module_preset=&#8221;default&#8221; global_colors_info=&#8221;{}&#8221; theme_builder_area=&#8221;post_content&#8221;][et_pb_menu _builder_version=&#8221;4.23.4&#8243; _module_preset=&#8221;default&#8221; global_colors_info=&#8221;{}&#8221; theme_builder_area=&#8221;post_content&#8221;][\/et_pb_menu][\/et_pb_column][\/et_pb_row][\/et_pb_section][et_pb_section fb_built=&#8221;1&#8243; admin_label=&#8221;Contenido&#8221; _builder_version=&#8221;4.23.4&#8243; _module_preset=&#8221;default&#8221; background_color=&#8221;#FFFFFF&#8221; background_image=&#8221;https:\/\/unibat.org\/wp-content\/uploads\/2024\/01\/unibat-home-2.jpg&#8221; background_position=&#8221;top_right&#8221; custom_margin=&#8221;0px||0px||false|false&#8221; custom_padding=&#8221;0px||0px||false|false&#8221; global_colors_info=&#8221;{}&#8221;][et_pb_row column_structure=&#8221;2_5,3_5&#8243; use_custom_gutter=&#8221;on&#8221; gutter_width=&#8221;1&#8243; admin_label=&#8221;Fila&#8221; _builder_version=&#8221;4.23.4&#8243; _module_preset=&#8221;default&#8221; background_color=&#8221;#FFFFFF&#8221; width=&#8221;100%&#8221; max_width=&#8221;2560px&#8221; global_colors_info=&#8221;{}&#8221;][et_pb_column type=&#8221;2_5&#8243; _builder_version=&#8221;4.23.4&#8243; _module_preset=&#8221;default&#8221; global_colors_info=&#8221;{}&#8221;][\/et_pb_column][et_pb_column type=&#8221;3_5&#8243; _builder_version=&#8221;4.23.4&#8243; _module_preset=&#8221;default&#8221; global_colors_info=&#8221;{}&#8221;][et_pb_blog include_categories=&#8221;all&#8221; show_author=&#8221;off&#8221; _builder_version=&#8221;4.23.4&#8243; _module_preset=&#8221;default&#8221; global_colors_info=&#8221;{}&#8221;][\/et_pb_blog][\/et_pb_column][\/et_pb_row][\/et_pb_section][et_pb_section fb_built=&#8221;1&#8243; disabled_on=&#8221;on|off|off&#8221; admin_label=&#8221;Barra lateral&#8221; module_id=&#8221;nav-left&#8221; _builder_version=&#8221;4.23.4&#8243; _module_preset=&#8221;default&#8221; background_color=&#8221;RGBA(255,255,255,0)&#8221; custom_margin=&#8221;||0px||false|false&#8221; custom_padding=&#8221;||0px||false|false&#8221; saved_tabs=&#8221;all&#8221; global_colors_info=&#8221;{}&#8221;][et_pb_row column_structure=&#8221;3_4,1_4&#8243; admin_label=&#8221;Fila&#8221; _builder_version=&#8221;4.23.4&#8243; _module_preset=&#8221;default&#8221; custom_margin=&#8221;||||false|false&#8221; custom_padding=&#8221;||||false|false&#8221; global_colors_info=&#8221;{}&#8221;][et_pb_column type=&#8221;3_4&#8243; module_id=&#8221;nav-left-conten&#8221; _builder_version=&#8221;4.23.4&#8243; _module_preset=&#8221;default&#8221; background_enable_image=&#8221;off&#8221; global_colors_info=&#8221;{}&#8221;][et_pb_text admin_label=&#8221;Idiomas&#8221; _builder_version=&#8221;4.23.4&#8243; _module_preset=&#8221;default&#8221; global_colors_info=&#8221;{}&#8221;]\n<div class=\"wpml-ls-statics-footer wpml-ls wpml-ls-legacy-list-horizontal\">\n\t<ul><li class=\"wpml-ls-slot-footer wpml-ls-item wpml-ls-item-es wpml-ls-first-item wpml-ls-item-legacy-list-horizontal\">\n\t\t\t\t<a href=\"https:\/\/unibat.org\/\" class=\"wpml-ls-link\">\n                    <span class=\"wpml-ls-native\" lang=\"es\">Espa\u00f1ol<\/span><\/a>\n\t\t\t<\/li><li class=\"wpml-ls-slot-footer wpml-ls-item wpml-ls-item-ca wpml-ls-current-language wpml-ls-item-legacy-list-horizontal\">\n\t\t\t\t<a href=\"https:\/\/unibat.org\/ca\/\" class=\"wpml-ls-link\">\n                    <span class=\"wpml-ls-native\">Catal\u00e0<\/span><\/a>\n\t\t\t<\/li><li class=\"wpml-ls-slot-footer wpml-ls-item wpml-ls-item-en wpml-ls-item-legacy-list-horizontal\">\n\t\t\t\t<a href=\"https:\/\/unibat.org\/en\/\" class=\"wpml-ls-link\">\n                    <span class=\"wpml-ls-native\" lang=\"en\">English<\/span><\/a>\n\t\t\t<\/li><li class=\"wpml-ls-slot-footer wpml-ls-item wpml-ls-item-fr wpml-ls-item-legacy-list-horizontal\">\n\t\t\t\t<a href=\"https:\/\/unibat.org\/fr\/\" class=\"wpml-ls-link\">\n                    <span class=\"wpml-ls-native\" lang=\"fr\">Fran\u00e7ais<\/span><\/a>\n\t\t\t<\/li><li class=\"wpml-ls-slot-footer wpml-ls-item wpml-ls-item-de wpml-ls-last-item wpml-ls-item-legacy-list-horizontal\">\n\t\t\t\t<a href=\"https:\/\/unibat.org\/de\/\" class=\"wpml-ls-link\">\n                    <span class=\"wpml-ls-native\" lang=\"de\">Deutsch<\/span><\/a>\n\t\t\t<\/li><\/ul>\n<\/div>\n[\/et_pb_text][et_pb_menu _builder_version=&#8221;4.23.4&#8243; _module_preset=&#8221;default&#8221; global_colors_info=&#8221;{}&#8221;][\/et_pb_menu][et_pb_image src=&#8221;https:\/\/unibat.org\/wp-content\/uploads\/2024\/01\/unibat.png&#8221; title_text=&#8221;unibat&#8221; url=&#8221;@ET-DC@eyJkeW5hbWljIjp0cnVlLCJjb250ZW50IjoicG9zdF9saW5rX3VybF9wYWdlIiwic2V0dGluZ3MiOnsicG9zdF9pZCI6IjIifX0=@&#8221; align=&#8221;right&#8221; force_fullwidth=&#8221;on&#8221; admin_label=&#8221;Logo&#8221; module_id=&#8221;logo&#8221; _builder_version=&#8221;4.23.4&#8243; _dynamic_attributes=&#8221;url&#8221; _module_preset=&#8221;default&#8221; global_colors_info=&#8221;{}&#8221;][\/et_pb_image][et_pb_text admin_label=&#8221;Responsabilidad ambiental&#8221; _builder_version=&#8221;4.23.4&#8243; _module_preset=&#8221;default&#8221; global_colors_info=&#8221;{}&#8221;]<\/p>\n<h2 style=\"text-align: right;\">Responsabilitat ambiental<\/h2>\n<p>[\/et_pb_text][et_pb_text admin_label=&#8221;Home&#8221; module_id=&#8221;text-home&#8221; _builder_version=&#8221;4.23.4&#8243; _module_preset=&#8221;default&#8221; global_colors_info=&#8221;{}&#8221;]<\/p>\n<h3 style=\"text-align: right;\">Donem suport al futur<\/h3>\n<p style=\"text-align: right;\">Treballem per una gesti\u00f3 efica\u00e7 i senzilla de les teves responsabilitats legals amb el reciclatge de piles i bateries.<\/p>\n<p>[\/et_pb_text][et_pb_text admin_label=&#8221;Qui\u00e9nes somos&#8221; module_id=&#8221;text-quienes-somos&#8221; _builder_version=&#8221;4.23.4&#8243; _module_preset=&#8221;default&#8221; global_colors_info=&#8221;{}&#8221;]<\/p>\n<h3 style=\"text-align: right;\">Qui som<\/h3>\n<p style=\"text-align: right;\">Som un equip hum\u00e0 que ofereix un tracte excel\u00b7lent i proper<\/p>\n<p>[\/et_pb_text][et_pb_text admin_label=&#8221;Qu\u00e9 podemos hacer por ti&#8221; module_id=&#8221;text-hacer&#8221; _builder_version=&#8221;4.23.4&#8243; _module_preset=&#8221;default&#8221; global_colors_info=&#8221;{}&#8221;]<\/p>\n<h3 style=\"text-align: right;\">Qu\u00e8 podem fer per tu<\/h3>\n<p style=\"text-align: right;\">Volem garantir-te total tranquil\u00b7litat i confian\u00e7a<\/p>\n<p>[\/et_pb_text][et_pb_text admin_label=&#8221;Divulgaci\u00f3n&#8221; module_id=&#8221;text-divulgacion&#8221; _builder_version=&#8221;4.23.4&#8243; _module_preset=&#8221;default&#8221; global_colors_info=&#8221;{}&#8221;]<\/p>\n<h3 style=\"text-align: right;\">Centre de divulgaci\u00f3<\/h3>\n<p style=\"text-align: right;\">Noticies UNIBAT<\/p>\n<p>[\/et_pb_text][et_pb_text admin_label=&#8221;Contacto&#8221; module_id=&#8221;text-contacto&#8221; _builder_version=&#8221;4.23.4&#8243; _module_preset=&#8221;default&#8221; global_colors_info=&#8221;{}&#8221;]<\/p>\n<h3 style=\"text-align: right;\">Contacte<\/h3>\n<p>[\/et_pb_text][et_pb_menu menu_id=&#8221;3&#8243; admin_label=&#8221;Men\u00fa legal&#8221; _builder_version=&#8221;4.23.4&#8243; _module_preset=&#8221;default&#8221; global_colors_info=&#8221;{}&#8221;][\/et_pb_menu][\/et_pb_column][et_pb_column type=&#8221;1_4&#8243; module_id=&#8221;nav-left-conten&#8221; _builder_version=&#8221;4.23.4&#8243; _module_preset=&#8221;default&#8221; background_enable_image=&#8221;off&#8221; global_colors_info=&#8221;{}&#8221;][\/et_pb_column][\/et_pb_row][\/et_pb_section][et_pb_section fb_built=&#8221;1&#8243; disabled_on=&#8221;off|on|on&#8221; admin_label=&#8221;Footer&#8221; _builder_version=&#8221;4.23.4&#8243; _module_preset=&#8221;default&#8221; background_color=&#8221;#0075bc&#8221; custom_margin=&#8221;0px||0px||false|false&#8221; custom_padding=&#8221;0px||0px||false|false&#8221; global_colors_info=&#8221;{}&#8221;][et_pb_row _builder_version=&#8221;4.23.4&#8243; _module_preset=&#8221;default&#8221; global_colors_info=&#8221;{}&#8221;][et_pb_column type=&#8221;4_4&#8243; _builder_version=&#8221;4.23.4&#8243; _module_preset=&#8221;default&#8221; global_colors_info=&#8221;{}&#8221;][et_pb_menu menu_id=&#8221;3&#8243; _builder_version=&#8221;4.23.4&#8243; _module_preset=&#8221;default&#8221; global_colors_info=&#8221;{}&#8221;][\/et_pb_menu][\/et_pb_column][\/et_pb_row][\/et_pb_section]<\/p>\n","protected":false},"excerpt":{"rendered":"<p>\n<div class=\"wpml-ls-statics-footer wpml-ls wpml-ls-legacy-list-horizontal\">\n\t<ul><li class=\"wpml-ls-slot-footer wpml-ls-item wpml-ls-item-es wpml-ls-first-item wpml-ls-item-legacy-list-horizontal\">\n\t\t\t\t<a href=\"https:\/\/unibat.org\/\" class=\"wpml-ls-link\">\n                    <span class=\"wpml-ls-native\" lang=\"es\">Espa\u00f1ol<\/span><\/a>\n\t\t\t<\/li><li class=\"wpml-ls-slot-footer wpml-ls-item wpml-ls-item-ca wpml-ls-current-language wpml-ls-item-legacy-list-horizontal\">\n\t\t\t\t<a href=\"https:\/\/unibat.org\/ca\/\" class=\"wpml-ls-link\">\n                    <span class=\"wpml-ls-native\">Catal\u00e0<\/span><\/a>\n\t\t\t<\/li><li class=\"wpml-ls-slot-footer wpml-ls-item wpml-ls-item-en wpml-ls-item-legacy-list-horizontal\">\n\t\t\t\t<a href=\"https:\/\/unibat.org\/en\/\" class=\"wpml-ls-link\">\n                    <span class=\"wpml-ls-native\" lang=\"en\">English<\/span><\/a>\n\t\t\t<\/li><li class=\"wpml-ls-slot-footer wpml-ls-item wpml-ls-item-fr wpml-ls-item-legacy-list-horizontal\">\n\t\t\t\t<a href=\"https:\/\/unibat.org\/fr\/\" class=\"wpml-ls-link\">\n                    <span class=\"wpml-ls-native\" lang=\"fr\">Fran\u00e7ais<\/span><\/a>\n\t\t\t<\/li><li class=\"wpml-ls-slot-footer wpml-ls-item wpml-ls-item-de wpml-ls-last-item wpml-ls-item-legacy-list-horizontal\">\n\t\t\t\t<a href=\"https:\/\/unibat.org\/de\/\" class=\"wpml-ls-link\">\n                    <span class=\"wpml-ls-native\" lang=\"de\">Deutsch<\/span><\/a>\n\t\t\t<\/li><\/ul>\n<\/div>\nResponsabilitat ambiental\n<div class=\"wpml-ls-statics-footer wpml-ls wpml-ls-legacy-list-horizontal\">\n\t<ul><li class=\"wpml-ls-slot-footer wpml-ls-item wpml-ls-item-es wpml-ls-first-item wpml-ls-item-legacy-list-horizontal\">\n\t\t\t\t<a href=\"https:\/\/unibat.org\/\" class=\"wpml-ls-link\">\n                    <span class=\"wpml-ls-native\" lang=\"es\">Espa\u00f1ol<\/span><\/a>\n\t\t\t<\/li><li class=\"wpml-ls-slot-footer wpml-ls-item wpml-ls-item-ca wpml-ls-current-language wpml-ls-item-legacy-list-horizontal\">\n\t\t\t\t<a href=\"https:\/\/unibat.org\/ca\/\" class=\"wpml-ls-link\">\n                    <span class=\"wpml-ls-native\">Catal\u00e0<\/span><\/a>\n\t\t\t<\/li><li class=\"wpml-ls-slot-footer wpml-ls-item wpml-ls-item-en wpml-ls-item-legacy-list-horizontal\">\n\t\t\t\t<a href=\"https:\/\/unibat.org\/en\/\" class=\"wpml-ls-link\">\n                    <span class=\"wpml-ls-native\" lang=\"en\">English<\/span><\/a>\n\t\t\t<\/li><li class=\"wpml-ls-slot-footer wpml-ls-item wpml-ls-item-fr wpml-ls-item-legacy-list-horizontal\">\n\t\t\t\t<a href=\"https:\/\/unibat.org\/fr\/\" class=\"wpml-ls-link\">\n                    <span class=\"wpml-ls-native\" lang=\"fr\">Fran\u00e7ais<\/span><\/a>\n\t\t\t<\/li><li class=\"wpml-ls-slot-footer wpml-ls-item wpml-ls-item-de wpml-ls-last-item wpml-ls-item-legacy-list-horizontal\">\n\t\t\t\t<a href=\"https:\/\/unibat.org\/de\/\" class=\"wpml-ls-link\">\n                    <span class=\"wpml-ls-native\" lang=\"de\">Deutsch<\/span><\/a>\n\t\t\t<\/li><\/ul>\n<\/div>\nResponsabilitat ambientalDonem suport al futur Treballem per una gesti\u00f3 efica\u00e7 i senzilla de les teves responsabilitats legals amb el reciclatge de piles i bateries.Qui som Som un equip hum\u00e0 que ofereix un tracte excel\u00b7lent i properQu\u00e8 podem fer per tu Volem garantir-te total tranquil\u00b7litat i confian\u00e7aCentre [&hellip;]<\/p>\n","protected":false},"author":1,"featured_media":0,"parent":0,"menu_order":0,"comment_status":"closed","ping_status":"open","template":"page-template-blank.php","meta":{"_et_pb_use_builder":"on","_et_pb_old_content":"","_et_gb_content_width":"","footnotes":""},"aioseo_notices":[],"_links":{"self":[{"href":"https:\/\/unibat.org\/ca\/wp-json\/wp\/v2\/pages\/782"}],"collection":[{"href":"https:\/\/unibat.org\/ca\/wp-json\/wp\/v2\/pages"}],"about":[{"href":"https:\/\/unibat.org\/ca\/wp-json\/wp\/v2\/types\/page"}],"author":[{"embeddable":true,"href":"https:\/\/unibat.org\/ca\/wp-json\/wp\/v2\/users\/1"}],"replies":[{"embeddable":true,"href":"https:\/\/unibat.org\/ca\/wp-json\/wp\/v2\/comments?post=782"}],"version-history":[{"count":4,"href":"https:\/\/unibat.org\/ca\/wp-json\/wp\/v2\/pages\/782\/revisions"}],"predecessor-version":[{"id":1029,"href":"https:\/\/unibat.org\/ca\/wp-json\/wp\/v2\/pages\/782\/revisions\/1029"}],"wp:attachment":[{"href":"https:\/\/unibat.org\/ca\/wp-json\/wp\/v2\/media?parent=782"}],"curies":[{"name":"wp","href":"https:\/\/api.w.org\/{rel}","templated":true}]}}