{"id":851,"date":"2024-01-15T13:51:39","date_gmt":"2024-01-15T13:51:39","guid":{"rendered":"https:\/\/unibat.org\/avis-legal\/"},"modified":"2024-01-22T12:51:08","modified_gmt":"2024-01-22T12:51:08","slug":"avis-legal","status":"publish","type":"page","link":"https:\/\/unibat.org\/ca\/avis-legal\/","title":{"rendered":"Av\u00eds legal"},"content":{"rendered":"<p>[et_pb_section fb_built=&#8221;1&#8243; disabled_on=&#8221;off|on|on&#8221; admin_label=&#8221;Header-CAT&#8221; module_id=&#8221;header&#8221; _builder_version=&#8221;4.23.4&#8243; _module_preset=&#8221;default&#8221; background_color=&#8221;#0075bc&#8221; custom_margin=&#8221;0px||0px||false|false&#8221; custom_padding=&#8221;0px||0px||false|false&#8221; saved_tabs=&#8221;all&#8221; global_colors_info=&#8221;{}&#8221; global_module=&#8221;1013&#8243; theme_builder_area=&#8221;post_content&#8221;][et_pb_row _builder_version=&#8221;4.23.4&#8243; _module_preset=&#8221;default&#8221; custom_margin=&#8221;0px||0px||false|false&#8221; custom_padding=&#8221;0px||0px||false|false&#8221; global_colors_info=&#8221;{}&#8221; theme_builder_area=&#8221;post_content&#8221;][et_pb_column type=&#8221;4_4&#8243; _builder_version=&#8221;4.23.4&#8243; _module_preset=&#8221;default&#8221; global_colors_info=&#8221;{}&#8221; theme_builder_area=&#8221;post_content&#8221;][et_pb_text admin_label=&#8221;Idiomas&#8221; module_id=&#8221;idiomas&#8221; _builder_version=&#8221;4.23.4&#8243; _module_preset=&#8221;default&#8221; global_colors_info=&#8221;{}&#8221; theme_builder_area=&#8221;post_content&#8221;]\n<div class=\"wpml-ls-statics-footer wpml-ls wpml-ls-legacy-list-horizontal\">\n\t<ul><li class=\"wpml-ls-slot-footer wpml-ls-item wpml-ls-item-es wpml-ls-first-item wpml-ls-item-legacy-list-horizontal\">\n\t\t\t\t<a href=\"https:\/\/unibat.org\/\" class=\"wpml-ls-link\">\n                    <span class=\"wpml-ls-native\" lang=\"es\">Espa\u00f1ol<\/span><\/a>\n\t\t\t<\/li><li class=\"wpml-ls-slot-footer wpml-ls-item wpml-ls-item-ca wpml-ls-current-language wpml-ls-item-legacy-list-horizontal\">\n\t\t\t\t<a href=\"https:\/\/unibat.org\/ca\/\" class=\"wpml-ls-link\">\n                    <span class=\"wpml-ls-native\">Catal\u00e0<\/span><\/a>\n\t\t\t<\/li><li class=\"wpml-ls-slot-footer wpml-ls-item wpml-ls-item-en wpml-ls-item-legacy-list-horizontal\">\n\t\t\t\t<a href=\"https:\/\/unibat.org\/en\/\" class=\"wpml-ls-link\">\n                    <span class=\"wpml-ls-native\" lang=\"en\">English<\/span><\/a>\n\t\t\t<\/li><li class=\"wpml-ls-slot-footer wpml-ls-item wpml-ls-item-fr wpml-ls-item-legacy-list-horizontal\">\n\t\t\t\t<a href=\"https:\/\/unibat.org\/fr\/\" class=\"wpml-ls-link\">\n                    <span class=\"wpml-ls-native\" lang=\"fr\">Fran\u00e7ais<\/span><\/a>\n\t\t\t<\/li><li class=\"wpml-ls-slot-footer wpml-ls-item wpml-ls-item-de wpml-ls-last-item wpml-ls-item-legacy-list-horizontal\">\n\t\t\t\t<a href=\"https:\/\/unibat.org\/de\/\" class=\"wpml-ls-link\">\n                    <span class=\"wpml-ls-native\" lang=\"de\">Deutsch<\/span><\/a>\n\t\t\t<\/li><\/ul>\n<\/div>\n[\/et_pb_text][\/et_pb_column][\/et_pb_row][et_pb_row column_structure=&#8221;1_2,1_2&#8243; _builder_version=&#8221;4.23.4&#8243; _module_preset=&#8221;default&#8221; global_colors_info=&#8221;{}&#8221; theme_builder_area=&#8221;post_content&#8221;][et_pb_column type=&#8221;1_2&#8243; _builder_version=&#8221;4.23.4&#8243; _module_preset=&#8221;default&#8221; global_colors_info=&#8221;{}&#8221; theme_builder_area=&#8221;post_content&#8221;][et_pb_image src=&#8221;https:\/\/unibat.org\/wp-content\/uploads\/2024\/01\/unibat.png&#8221; title_text=&#8221;unibat&#8221; url=&#8221;@ET-DC@eyJkeW5hbWljIjp0cnVlLCJjb250ZW50IjoicG9zdF9saW5rX3VybF9wYWdlIiwic2V0dGluZ3MiOnsicG9zdF9pZCI6IjIiLCJlbmFibGVfaHRtbCI6Im9mZiJ9fQ==@&#8221; force_fullwidth=&#8221;on&#8221; _builder_version=&#8221;4.23.4&#8243; _dynamic_attributes=&#8221;url&#8221; _module_preset=&#8221;default&#8221; custom_margin=&#8221;||0px||false|false&#8221; custom_padding=&#8221;||0px||false|false&#8221; global_colors_info=&#8221;{}&#8221; theme_builder_area=&#8221;post_content&#8221;][\/et_pb_image][et_pb_text _builder_version=&#8221;4.23.4&#8243; _module_preset=&#8221;default&#8221; text_text_color=&#8221;#FFFFFF&#8221; custom_margin=&#8221;||0px||false|false&#8221; custom_padding=&#8221;||0px||false|false&#8221; global_colors_info=&#8221;{}&#8221; theme_builder_area=&#8221;post_content&#8221;]<\/p>\n<h2 style=\"color:#fff;\">Responsabilitat ambiental<\/h2>\n<p>[\/et_pb_text][\/et_pb_column][et_pb_column type=&#8221;1_2&#8243; _builder_version=&#8221;4.23.4&#8243; _module_preset=&#8221;default&#8221; global_colors_info=&#8221;{}&#8221; theme_builder_area=&#8221;post_content&#8221;][et_pb_menu _builder_version=&#8221;4.23.4&#8243; _module_preset=&#8221;default&#8221; global_colors_info=&#8221;{}&#8221; theme_builder_area=&#8221;post_content&#8221;][\/et_pb_menu][\/et_pb_column][\/et_pb_row][\/et_pb_section][et_pb_section fb_built=&#8221;1&#8243; admin_label=&#8221;Contenido&#8221; _builder_version=&#8221;4.23.4&#8243; _module_preset=&#8221;default&#8221; background_color=&#8221;#FFFFFF&#8221; background_enable_image=&#8221;off&#8221; background_position=&#8221;top_right&#8221; custom_margin=&#8221;0px||0px||false|false&#8221; custom_padding=&#8221;0px||0px||false|false&#8221; global_colors_info=&#8221;{}&#8221;][et_pb_row column_structure=&#8221;1_3,2_3&#8243; use_custom_gutter=&#8221;on&#8221; gutter_width=&#8221;1&#8243; admin_label=&#8221;Fila&#8221; _builder_version=&#8221;4.23.4&#8243; _module_preset=&#8221;default&#8221; global_colors_info=&#8221;{}&#8221;][et_pb_column type=&#8221;1_3&#8243; _builder_version=&#8221;4.23.4&#8243; _module_preset=&#8221;default&#8221; global_colors_info=&#8221;{}&#8221;][\/et_pb_column][et_pb_column type=&#8221;2_3&#8243; _builder_version=&#8221;4.23.4&#8243; _module_preset=&#8221;default&#8221; global_colors_info=&#8221;{}&#8221;][et_pb_text admin_label=&#8221;Aviso legal&#8221; module_class=&#8221;justify&#8221; _builder_version=&#8221;4.23.4&#8243; _module_preset=&#8221;default&#8221; global_colors_info=&#8221;{}&#8221;]<\/p>\n<h1>Av\u00eds legal<\/h1>\n<p>En compliment amb el deure d&#8217;informaci\u00f3 recollit a l&#8217;article 10 de la Llei 34\/2002, d&#8217;11 de Juliol, de Serveis de la Informaci\u00f3 i del Comer\u00e7 Electr\u00f2nic, l&#8217;informem que el lloc web https:\/\/www.unibat.org\/ (en endavant, el lloc &#8220;Web&#8221;) \u00e9s titularitat de UNI\u00d3N DE INDUSTRIAS DE LA BATERIA, S.L. (en endavant UNIBAT), amb domicili social al C\/Llull, 321-329 &#8211; Edifici CINC &#8211; Oficina 409 &#8211; 08019 &#8211; Barcelona (Barcelona), amb CIF: B65373151.<\/p>\n<p>Inscrita al Registre Mercantil de Barcelona: T 42131, F 98, S 8, H B401030, I\/A 14<\/p>\n<h3>Comunicacions<\/h3>\n<p>Tel\u00e8fon: +34 900 201 201<br \/>\ne-mail: info@unibat.org<\/p>\n<p>El present av\u00eds legal regula les condicions d&#8217;\u00fas del citat portal d&#8217;Internet.<\/p>\n<h3>Llei aplicable i jurisdicci\u00f3<\/h3>\n<p>Amb car\u00e0cter general les relacions entre UNIBAT i els usuaris dels serveis telem\u00e0tics, presents a la Web, es troben sotmeses a la legislaci\u00f3 i jurisdicci\u00f3 espanyoles.<\/p>\n<p>Les parts renuncien expressament al fur que els pugui correspondre i sotmeten expressament als Jutjats i Tribunals de Barcelona (Barcelona) per resoldre qualsevol controv\u00e8rsia que pugui sorgir en la interpretaci\u00f3 o execuci\u00f3 de les presents condicions contractuals.<\/p>\n<h3>Acceptaci\u00f3 de l&#8217;usuari<\/h3>\n<p>Aquest Av\u00eds Legal regula l&#8217;acc\u00e9s i utilitzaci\u00f3 del lloc web que UNIBAT posa a la disposici\u00f3 dels usuaris d&#8217;Internet. Es considera usuari a la persona que accedeixi, navegui, utilitzi o participi en els serveis i activitats del lloc web.<\/p>\n<p>L&#8217;usuari queda informat, i accepta, que l&#8217;acc\u00e9s al present lloc web no suposa, de cap manera, l&#8217;inici d&#8217;una relaci\u00f3 comercial amb UNIBAT.<\/p>\n<p>L&#8217;acc\u00e9s i navegaci\u00f3 pel lloc web per part de l&#8217;usuari suposa l&#8217;acceptaci\u00f3 de la totalitat de les presents Condicions d&#8217;\u00das. En cas de desacord amb les condicions ha d&#8217;abstenir-se de usar el lloc web.<\/p>\n<h3>Acc\u00e9s al lloc web<\/h3>\n<p>L&#8217;acc\u00e9s al lloc web per part dels usuaris \u00e9s de car\u00e0cter lliure i gratu\u00eft. Alguns serveis poden trobar-se subjectes a contractaci\u00f3 pr\u00e8via del servei.<\/p>\n<p>En cas de ser necessari que l&#8217;usuari aporti dades personals per accedir a algun dels serveis, la recollida i el tractament de les dades es realitzar\u00e0 de conformitat amb la normativa vigent, en concret amb el RGPD. Per m\u00e9s informaci\u00f3, consulti la nostra pol\u00edtica de privacitat https:\/\/www.unibat.org\/https:\/\/www.unibat.org\/politica-de-privacitat<\/p>\n<h3>Contingut i \u00fas<\/h3>\n<p>La visita al lloc web per part de l&#8217;usuari s\u2019haur\u00e0 de fer de forma responsable i de conformitat a la legalitat vigent, la bona fe, el present Av\u00eds Legal i respectant els drets de propietat intel\u00b7lectual i industrial de titularitat de UNIBAT o qualsevol altres persones f\u00edsiques o jur\u00eddiques.<\/p>\n<p>L&#8217;\u00fas de qualsevol dels continguts del lloc web amb finalitats que siguin o poguessin ser il\u00b7l\u00edcites queda totalment prohibit, aix\u00ed com la realitzaci\u00f3 de qualsevol acci\u00f3 que causi o pugui causar danys o alteracions de qualsevol mena no consentides per UNIBAT, al lloc web o als seus continguts.<\/p>\n<p>El titular del lloc web no s&#8217;identifica amb les opinions abocades en el mateix pels seus col\u00b7laboradors. L&#8217;empresa es reserva el dret a efectuar sense previ av\u00eds les modificacions que consideri oportunes en la seva Web, podent canviar, suprimir o afegir tant els continguts i serveis que es presten a trav\u00e9s de la mateixa com la forma en la qual aquests apareguin presentats o localitzats en els seus servidors.<\/p>\n<p>Queda estrictament prohibit l&#8217;\u00fas de qualsevol dels continguts del lloc web amb fins il\u00b7l\u00edcits, aix\u00ed com realitzar qualsevol actuaci\u00f3 que causi o pugui ocasionar danys o alteracions de qualsevol tipus no consentit per UNIBAT, el lloc web o els seus continguts.<\/p>\n<h3>Propietat intel\u00b7lectual i industrial<\/h3>\n<p>Els drets de propietat intel\u00b7lectual del contingut de les p\u00e0gines del lloc web, el seu disseny gr\u00e0fic i codis s\u00f3n titularitat de UNIBAT i, per tant, queda prohibida la seva reproducci\u00f3, distribuci\u00f3, comunicaci\u00f3 p\u00fablica, transformaci\u00f3 o qualsevol altra activitat que es realitzi amb els continguts del lloc web, encara que es citin les fonts, excepte que es compti amb el consentiment previ, expr\u00e9s i per escrit de UNIBAT. TTots els noms comercials, marques o signes distintius de qualsevol classe i continguts en les p\u00e0gines web de l&#8217;empresa s\u00f3n propietat dels seus propietaris i estan protegits per llei.<\/p>\n<p>UNIBAT no concedeix cap llic\u00e8ncia o autoritzaci\u00f3 d&#8217;\u00fas de cap classe sobre els seus drets de propietat intel\u00b7lectual i industrial o sobre qualsevol altra propietat o dret relacionat amb el lloc web, i en cap cas s&#8217;entendr\u00e0 que l&#8217;acc\u00e9s i navegaci\u00f3 dels usuaris implica una ren\u00fancia, transmissi\u00f3, llic\u00e8ncia o cessi\u00f3 total ni parcial d&#8217;aquests drets per part de UNIBAT.<\/p>\n<p>Qualsevol \u00fas d&#8217;aquests continguts no autoritzats pr\u00e8viament per part de UNIBAT ser\u00e0 considerat un incompliment greu dels drets de propietat intel\u00b7lectual o industrial i donar\u00e0 lloc a les responsabilitats legalment establertes. UNIBAT es reserva el dret d&#8217;exercitar enfront l&#8217;usuari les accions judicials i extrajudicials que corresponguin.<\/p>\n<h3>Responsabilitat i garanties<\/h3>\n<p>UNIBAT declara que ha adoptat les mesures necess\u00e0ries que, dins de les seves possibilitats i l&#8217;estat de la tecnologia, permeten el correcte funcionament del seu lloc web aix\u00ed com l&#8217;abs\u00e8ncia de virus i components nocius. No obstant aix\u00f2, UNIBAT no es pot fer responsable de les seg\u00fcents situacions que s&#8217;enumeren a t\u00edtol enunciatiu, per\u00f2 no limitatiu:<\/p>\n<ul>\n<li>La continu\u00eftat i disponibilitat dels Continguts.<\/li>\n<li>L&#8217;abs\u00e8ncia d&#8217;errors en els Continguts ni la correcci\u00f3 de qualsevol defecte que pogu\u00e9s oc\u00f3rrer.<\/li>\n<li>L&#8217;abs\u00e8ncia de virus i\/o altres components nocius.<\/li>\n<li> Els danys o perjudicis que causi qualsevol persona que vulneri els sistemes de seguretat de UNIBAT.<\/li>\n<li>L&#8217;\u00fas que els usuaris puguin fer dels continguts inclosos en el web. En conseq\u00fc\u00e8ncia, UNIBAT no garanteix que l&#8217;\u00fas que els usuaris puguin fer dels continguts que en el seu cas s&#8217;incloguin en el lloc web s&#8217;ajustin al present av\u00eds legal ni que l&#8217;\u00fas del lloc web es realitzi de forma diligent.<\/li>\n<li>L&#8217;\u00fas per menors d&#8217;edat del lloc web o de l&#8217;enviament de les seves dades personals sense el perm\u00eds dels seus tutors, sent els tutors responsables de l&#8217;\u00fas que facin d&#8217;Internet. Els continguts als quals l&#8217;usuari pugui accedir a trav\u00e9s d&#8217;enlla\u00e7os no autoritzats o introdu\u00efts per usuaris mitjan\u00e7ant comentaris o eines similars.<\/li>\n<li>La introducci\u00f3 de dades err\u00f2nies per part de l&#8217;usuari o d&#8217;un tercer.<\/li>\n<\/ul>\n<p>UNIBAT podr\u00e0 suspendre temporalment i sense previ av\u00eds, l&#8217;accessibilitat al lloc web amb motiu d&#8217;operacions de manteniment, reparaci\u00f3, actualitzaci\u00f3 o millora. No obstant aix\u00f2, sempre que les circumst\u00e0ncies ho permetin, UNIBAT comunicar\u00e0 a l&#8217;usuari, amb antelaci\u00f3 suficient, la data prevista per la suspensi\u00f3 dels continguts.<\/p>\n<p>Igualment, de conformitat amb els arts. 11 i 16 de la Llei 34\/2002, d&#8217;11 de juliol, de serveis de la societat de la informaci\u00f3 i de comer\u00e7 electr\u00f2nic, UNIBAT es compromet a l&#8217;eliminaci\u00f3 o, en el seu cas, el bloqueig dels continguts que poguessin afectar o ser contraris a la legislaci\u00f3 vigent, els drets de tercers o la moral i ordre p\u00fablic.<\/p>\n<h3>Cookies<\/h3>\n<p>UNIBAT utilitza cookies, a l&#8217;efecte d&#8217;optimitzar i personalitzar la seva navegaci\u00f3 pel lloc web. Les cookies s\u00f3n fitxers f\u00edsics d&#8217;informaci\u00f3 que s&#8217;allotgen en el mateix terminal de l&#8217;usuari, la informaci\u00f3 recollida mitjan\u00e7ant les cookies serveix per facilitar la navegaci\u00f3 de l&#8217;usuari pel portal i optimitzar l&#8217;experi\u00e8ncia de navegaci\u00f3. Les dades recopilades mitjan\u00e7ant les cookies poden ser compartides amb els creadors d&#8217;aquestes, per\u00f2 en cap cas la informaci\u00f3 obtinguda per les mateixes ser\u00e0 associada a dades personals ni a dades que poden identificar a l&#8217;usuari.<\/p>\n<p>No obstant aix\u00f2, si l&#8217;usuari no desitja que s&#8217;instal\u00b7lin cookies en el seu disc dur, t\u00e9 la possibilitat de configurar el navegador de tal manera que impedeixi la instal\u00b7laci\u00f3 d&#8217;aquests arxius. Per obtenir m\u00e9s informaci\u00f3 consulti la nostra Pol\u00edtica de Cookies https:\/\/www.unibat.org\/https:\/\/www.unibat.org\/politica-de-cookies\/<\/p>\n<h3>Enlla\u00e7os (links<\/h3>\n<p>La pres\u00e8ncia d&#8217;enlla\u00e7os (links) al lloc web UNIBAT cap a altres llocs d&#8217;Internet t\u00e9 finalitat merament informativa i en cap cas suposen suggeriment, invitaci\u00f3 o recomanaci\u00f3 sobre aquests. UNIBAT no assumir\u00e0 responsabilitat pels continguts d&#8217;un enlla\u00e7 pertanyent a un lloc web ali\u00e8, ni garantir\u00e0 la fiabilitat, exactitud, amplitud, veracitat, validesa i disponibilitat t\u00e8cnica.<\/p>\n<p>En el cas que a altres llocs webs s&#8217;estableixin enlla\u00e7os al lloc web de UNIBAT, no s&#8217;entendr\u00e0 que UNIBAT, ha autoritzat l&#8217;enlla\u00e7 o el contingut del lloc web en el que es cont\u00e9 l&#8217;enlla\u00e7, tampoc es podr\u00e0 incloure al lloc de l&#8217;enlla\u00e7 continguts inapropiats, difamatoris, il\u00b7legals, obscens o il\u00b7l\u00edcits, ni altres continguts que siguin contraris a la legalitat vigent.<\/p>\n<p>UNIBAT es reserva la possibilitat de contactar amb el propietari del lloc web en el qual s&#8217;estableixi l&#8217;enlla\u00e7 si considera que s&#8217;incompleix la normativa, aix\u00ed com d&#8217;exercitar les corresponents accions judicials i extrajudicials.<\/p>\n<h3>Modificaci\u00f3 de les condicions<\/h3>\n<p>UNIBAT es reserva expressament el dret a modificar unilateralment, total o parcialment, sense necessitat de previ av\u00eds, el present Av\u00eds Legal. L&#8217;usuari reconeix i accepta que \u00e9s responsabilitat seva revisar-lo peri\u00f2dicament.[\/et_pb_text][\/et_pb_column][\/et_pb_row][\/et_pb_section][et_pb_section fb_built=&#8221;1&#8243; disabled_on=&#8221;on|off|off&#8221; admin_label=&#8221;Barra lateral&#8221; module_id=&#8221;nav-left&#8221; _builder_version=&#8221;4.23.4&#8243; _module_preset=&#8221;default&#8221; background_color=&#8221;RGBA(255,255,255,0)&#8221; custom_margin=&#8221;||0px||false|false&#8221; custom_padding=&#8221;||0px||false|false&#8221; saved_tabs=&#8221;all&#8221; global_colors_info=&#8221;{}&#8221;][et_pb_row column_structure=&#8221;3_4,1_4&#8243; admin_label=&#8221;Fila&#8221; _builder_version=&#8221;4.23.4&#8243; _module_preset=&#8221;default&#8221; custom_margin=&#8221;||||false|false&#8221; custom_padding=&#8221;||||false|false&#8221; global_colors_info=&#8221;{}&#8221;][et_pb_column type=&#8221;3_4&#8243; module_id=&#8221;nav-left-conten&#8221; _builder_version=&#8221;4.23.4&#8243; _module_preset=&#8221;default&#8221; background_enable_image=&#8221;off&#8221; global_colors_info=&#8221;{}&#8221;][et_pb_text admin_label=&#8221;Idiomas&#8221; module_id=&#8221;idiomas&#8221; _builder_version=&#8221;4.23.4&#8243; _module_preset=&#8221;default&#8221; global_colors_info=&#8221;{}&#8221;]\n<div class=\"wpml-ls-statics-footer wpml-ls wpml-ls-legacy-list-horizontal\">\n\t<ul><li class=\"wpml-ls-slot-footer wpml-ls-item wpml-ls-item-es wpml-ls-first-item wpml-ls-item-legacy-list-horizontal\">\n\t\t\t\t<a href=\"https:\/\/unibat.org\/\" class=\"wpml-ls-link\">\n                    <span class=\"wpml-ls-native\" lang=\"es\">Espa\u00f1ol<\/span><\/a>\n\t\t\t<\/li><li class=\"wpml-ls-slot-footer wpml-ls-item wpml-ls-item-ca wpml-ls-current-language wpml-ls-item-legacy-list-horizontal\">\n\t\t\t\t<a href=\"https:\/\/unibat.org\/ca\/\" class=\"wpml-ls-link\">\n                    <span class=\"wpml-ls-native\">Catal\u00e0<\/span><\/a>\n\t\t\t<\/li><li class=\"wpml-ls-slot-footer wpml-ls-item wpml-ls-item-en wpml-ls-item-legacy-list-horizontal\">\n\t\t\t\t<a href=\"https:\/\/unibat.org\/en\/\" class=\"wpml-ls-link\">\n                    <span class=\"wpml-ls-native\" lang=\"en\">English<\/span><\/a>\n\t\t\t<\/li><li class=\"wpml-ls-slot-footer wpml-ls-item wpml-ls-item-fr wpml-ls-item-legacy-list-horizontal\">\n\t\t\t\t<a href=\"https:\/\/unibat.org\/fr\/\" class=\"wpml-ls-link\">\n                    <span class=\"wpml-ls-native\" lang=\"fr\">Fran\u00e7ais<\/span><\/a>\n\t\t\t<\/li><li class=\"wpml-ls-slot-footer wpml-ls-item wpml-ls-item-de wpml-ls-last-item wpml-ls-item-legacy-list-horizontal\">\n\t\t\t\t<a href=\"https:\/\/unibat.org\/de\/\" class=\"wpml-ls-link\">\n                    <span class=\"wpml-ls-native\" lang=\"de\">Deutsch<\/span><\/a>\n\t\t\t<\/li><\/ul>\n<\/div>\n[\/et_pb_text][et_pb_menu _builder_version=&#8221;4.23.4&#8243; _module_preset=&#8221;default&#8221; global_colors_info=&#8221;{}&#8221;][\/et_pb_menu][et_pb_image src=&#8221;https:\/\/unibat.org\/wp-content\/uploads\/2024\/01\/unibat.png&#8221; title_text=&#8221;unibat&#8221; url=&#8221;@ET-DC@eyJkeW5hbWljIjp0cnVlLCJjb250ZW50IjoicG9zdF9saW5rX3VybF9wYWdlIiwic2V0dGluZ3MiOnsicG9zdF9pZCI6IjIifX0=@&#8221; align=&#8221;right&#8221; force_fullwidth=&#8221;on&#8221; admin_label=&#8221;Logo&#8221; module_id=&#8221;logo&#8221; _builder_version=&#8221;4.23.4&#8243; _dynamic_attributes=&#8221;url&#8221; _module_preset=&#8221;default&#8221; global_colors_info=&#8221;{}&#8221;][\/et_pb_image][et_pb_text admin_label=&#8221;Responsabilidad ambiental&#8221; _builder_version=&#8221;4.23.4&#8243; _module_preset=&#8221;default&#8221; global_colors_info=&#8221;{}&#8221;]<\/p>\n<h2 style=\"text-align: right;\">Responsabilitat ambiental<\/h2>\n<p>[\/et_pb_text][et_pb_text admin_label=&#8221;Home&#8221; module_id=&#8221;text-home&#8221; _builder_version=&#8221;4.23.4&#8243; _module_preset=&#8221;default&#8221; global_colors_info=&#8221;{}&#8221;]<\/p>\n<h3 style=\"text-align: right;\">Donem suport al futur<\/h3>\n<p style=\"text-align: right;\">Treballem per una gesti\u00f3 efica\u00e7 i senzilla de les teves responsabilitats legals amb el reciclatge de piles i bateries.<\/p>\n<p>[\/et_pb_text][et_pb_text admin_label=&#8221;Qui\u00e9nes somos&#8221; module_id=&#8221;text-quienes-somos&#8221; _builder_version=&#8221;4.23.4&#8243; _module_preset=&#8221;default&#8221; global_colors_info=&#8221;{}&#8221;]<\/p>\n<h3 style=\"text-align: right;\">Qui som<\/h3>\n<p style=\"text-align: right;\">Som un equip hum\u00e0 que ofereix un tracte excel\u00b7lent i proper<\/p>\n<p>[\/et_pb_text][et_pb_text admin_label=&#8221;Qu\u00e9 podemos hacer por ti&#8221; module_id=&#8221;text-hacer&#8221; _builder_version=&#8221;4.23.4&#8243; _module_preset=&#8221;default&#8221; global_colors_info=&#8221;{}&#8221;]<\/p>\n<h3 style=\"text-align: right;\">Qu\u00e8 podem fer per tu<\/h3>\n<p style=\"text-align: right;\">Volem garantir-te total tranquil\u00b7litat i confian\u00e7a<\/p>\n<p>[\/et_pb_text][et_pb_text admin_label=&#8221;Divulgaci\u00f3n&#8221; module_id=&#8221;text-divulgacion&#8221; _builder_version=&#8221;4.23.4&#8243; _module_preset=&#8221;default&#8221; global_colors_info=&#8221;{}&#8221;]<\/p>\n<h3 style=\"text-align: right;\">Centre de divulgaci\u00f3<\/h3>\n<p style=\"text-align: right;\">Noticies UNIBAT<\/p>\n<p>[\/et_pb_text][et_pb_text admin_label=&#8221;Contacto&#8221; module_id=&#8221;text-contacto&#8221; _builder_version=&#8221;4.23.4&#8243; _module_preset=&#8221;default&#8221; global_colors_info=&#8221;{}&#8221;]<\/p>\n<h3 style=\"text-align: right;\">Contacte<\/h3>\n<p>[\/et_pb_text][et_pb_menu menu_id=&#8221;3&#8243; admin_label=&#8221;Men\u00fa legal&#8221; _builder_version=&#8221;4.23.4&#8243; _module_preset=&#8221;default&#8221; global_colors_info=&#8221;{}&#8221;][\/et_pb_menu][\/et_pb_column][et_pb_column type=&#8221;1_4&#8243; module_id=&#8221;nav-left-conten&#8221; _builder_version=&#8221;4.23.4&#8243; _module_preset=&#8221;default&#8221; background_enable_image=&#8221;off&#8221; global_colors_info=&#8221;{}&#8221;][\/et_pb_column][\/et_pb_row][\/et_pb_section][et_pb_section fb_built=&#8221;1&#8243; disabled_on=&#8221;off|on|on&#8221; admin_label=&#8221;Footer&#8221; module_id=&#8221;footer&#8221; _builder_version=&#8221;4.23.4&#8243; _module_preset=&#8221;default&#8221; background_color=&#8221;#0075bc&#8221; custom_margin=&#8221;0px||0px||false|false&#8221; custom_padding=&#8221;0px||0px||false|false&#8221; saved_tabs=&#8221;all&#8221; global_colors_info=&#8221;{}&#8221;][et_pb_row _builder_version=&#8221;4.23.4&#8243; _module_preset=&#8221;default&#8221; global_colors_info=&#8221;{}&#8221;][et_pb_column type=&#8221;4_4&#8243; _builder_version=&#8221;4.23.4&#8243; _module_preset=&#8221;default&#8221; global_colors_info=&#8221;{}&#8221;][et_pb_text _builder_version=&#8221;4.23.4&#8243; _module_preset=&#8221;default&#8221; global_colors_info=&#8221;{}&#8221;]<\/p>\n<p><a href=\"https:\/\/unibat.org\/ca\/avis-legal\/\">Av\u00eds legal<\/a><\/p>\n<p><a href=\"https:\/\/unibat.org\/politica-de-privacidad\/\">Pol\u00edtica de privacitat<\/a><\/p>\n<p><a href=\"https:\/\/unibat.org\/politica-de-cookies\/\">Pol\u00edtica de cookies<\/a><\/p>\n<p>[\/et_pb_text][\/et_pb_column][\/et_pb_row][\/et_pb_section]<\/p>\n","protected":false},"excerpt":{"rendered":"<p>\n<div class=\"wpml-ls-statics-footer wpml-ls wpml-ls-legacy-list-horizontal\">\n\t<ul><li class=\"wpml-ls-slot-footer wpml-ls-item wpml-ls-item-es wpml-ls-first-item wpml-ls-item-legacy-list-horizontal\">\n\t\t\t\t<a href=\"https:\/\/unibat.org\/\" class=\"wpml-ls-link\">\n                    <span class=\"wpml-ls-native\" lang=\"es\">Espa\u00f1ol<\/span><\/a>\n\t\t\t<\/li><li class=\"wpml-ls-slot-footer wpml-ls-item wpml-ls-item-ca wpml-ls-current-language wpml-ls-item-legacy-list-horizontal\">\n\t\t\t\t<a href=\"https:\/\/unibat.org\/ca\/\" class=\"wpml-ls-link\">\n                    <span class=\"wpml-ls-native\">Catal\u00e0<\/span><\/a>\n\t\t\t<\/li><li class=\"wpml-ls-slot-footer wpml-ls-item wpml-ls-item-en wpml-ls-item-legacy-list-horizontal\">\n\t\t\t\t<a href=\"https:\/\/unibat.org\/en\/\" class=\"wpml-ls-link\">\n                    <span class=\"wpml-ls-native\" lang=\"en\">English<\/span><\/a>\n\t\t\t<\/li><li class=\"wpml-ls-slot-footer wpml-ls-item wpml-ls-item-fr wpml-ls-item-legacy-list-horizontal\">\n\t\t\t\t<a href=\"https:\/\/unibat.org\/fr\/\" class=\"wpml-ls-link\">\n                    <span class=\"wpml-ls-native\" lang=\"fr\">Fran\u00e7ais<\/span><\/a>\n\t\t\t<\/li><li class=\"wpml-ls-slot-footer wpml-ls-item wpml-ls-item-de wpml-ls-last-item wpml-ls-item-legacy-list-horizontal\">\n\t\t\t\t<a href=\"https:\/\/unibat.org\/de\/\" class=\"wpml-ls-link\">\n                    <span class=\"wpml-ls-native\" lang=\"de\">Deutsch<\/span><\/a>\n\t\t\t<\/li><\/ul>\n<\/div>\nResponsabilitat ambientalAv\u00eds legal En compliment amb el deure d&#8217;informaci\u00f3 recollit a l&#8217;article 10 de la Llei 34\/2002, d&#8217;11 de Juliol, de Serveis de la Informaci\u00f3 i del Comer\u00e7 Electr\u00f2nic, l&#8217;informem que el lloc web https:\/\/www.unibat.org\/ (en endavant, el lloc &#8220;Web&#8221;) \u00e9s titularitat de UNI\u00d3N DE INDUSTRIAS DE LA BATERIA, S.L. (en [&hellip;]<\/p>\n","protected":false},"author":1,"featured_media":0,"parent":0,"menu_order":0,"comment_status":"closed","ping_status":"open","template":"page-template-blank.php","meta":{"_et_pb_use_builder":"on","_et_pb_old_content":"","_et_gb_content_width":"","footnotes":""},"aioseo_notices":[],"_links":{"self":[{"href":"https:\/\/unibat.org\/ca\/wp-json\/wp\/v2\/pages\/851"}],"collection":[{"href":"https:\/\/unibat.org\/ca\/wp-json\/wp\/v2\/pages"}],"about":[{"href":"https:\/\/unibat.org\/ca\/wp-json\/wp\/v2\/types\/page"}],"author":[{"embeddable":true,"href":"https:\/\/unibat.org\/ca\/wp-json\/wp\/v2\/users\/1"}],"replies":[{"embeddable":true,"href":"https:\/\/unibat.org\/ca\/wp-json\/wp\/v2\/comments?post=851"}],"version-history":[{"count":4,"href":"https:\/\/unibat.org\/ca\/wp-json\/wp\/v2\/pages\/851\/revisions"}],"predecessor-version":[{"id":1043,"href":"https:\/\/unibat.org\/ca\/wp-json\/wp\/v2\/pages\/851\/revisions\/1043"}],"wp:attachment":[{"href":"https:\/\/unibat.org\/ca\/wp-json\/wp\/v2\/media?parent=851"}],"curies":[{"name":"wp","href":"https:\/\/api.w.org\/{rel}","templated":true}]}}