{"id":858,"date":"2024-01-15T14:04:46","date_gmt":"2024-01-15T14:04:46","guid":{"rendered":"https:\/\/unibat.org\/politica-de-cookies\/"},"modified":"2024-01-22T12:53:46","modified_gmt":"2024-01-22T12:53:46","slug":"politica-de-cookies","status":"publish","type":"page","link":"https:\/\/unibat.org\/ca\/politica-de-cookies\/","title":{"rendered":"Pol\u00edtica de cookies"},"content":{"rendered":"<p>[et_pb_section fb_built=&#8221;1&#8243; disabled_on=&#8221;off|on|on&#8221; admin_label=&#8221;Header-CAT&#8221; module_id=&#8221;header&#8221; _builder_version=&#8221;4.23.4&#8243; _module_preset=&#8221;default&#8221; background_color=&#8221;#0075bc&#8221; custom_margin=&#8221;0px||0px||false|false&#8221; custom_padding=&#8221;0px||0px||false|false&#8221; saved_tabs=&#8221;all&#8221; global_colors_info=&#8221;{}&#8221; global_module=&#8221;1013&#8243; theme_builder_area=&#8221;post_content&#8221;][et_pb_row _builder_version=&#8221;4.23.4&#8243; _module_preset=&#8221;default&#8221; custom_margin=&#8221;0px||0px||false|false&#8221; custom_padding=&#8221;0px||0px||false|false&#8221; global_colors_info=&#8221;{}&#8221; theme_builder_area=&#8221;post_content&#8221;][et_pb_column type=&#8221;4_4&#8243; _builder_version=&#8221;4.23.4&#8243; _module_preset=&#8221;default&#8221; global_colors_info=&#8221;{}&#8221; theme_builder_area=&#8221;post_content&#8221;][et_pb_text admin_label=&#8221;Idiomas&#8221; module_id=&#8221;idiomas&#8221; _builder_version=&#8221;4.23.4&#8243; _module_preset=&#8221;default&#8221; global_colors_info=&#8221;{}&#8221; theme_builder_area=&#8221;post_content&#8221;]\n<div class=\"wpml-ls-statics-footer wpml-ls wpml-ls-legacy-list-horizontal\">\n\t<ul><li class=\"wpml-ls-slot-footer wpml-ls-item wpml-ls-item-es wpml-ls-first-item wpml-ls-item-legacy-list-horizontal\">\n\t\t\t\t<a href=\"https:\/\/unibat.org\/\" class=\"wpml-ls-link\">\n                    <span class=\"wpml-ls-native\" lang=\"es\">Espa\u00f1ol<\/span><\/a>\n\t\t\t<\/li><li class=\"wpml-ls-slot-footer wpml-ls-item wpml-ls-item-ca wpml-ls-current-language wpml-ls-item-legacy-list-horizontal\">\n\t\t\t\t<a href=\"https:\/\/unibat.org\/ca\/\" class=\"wpml-ls-link\">\n                    <span class=\"wpml-ls-native\">Catal\u00e0<\/span><\/a>\n\t\t\t<\/li><li class=\"wpml-ls-slot-footer wpml-ls-item wpml-ls-item-en wpml-ls-item-legacy-list-horizontal\">\n\t\t\t\t<a href=\"https:\/\/unibat.org\/en\/\" class=\"wpml-ls-link\">\n                    <span class=\"wpml-ls-native\" lang=\"en\">English<\/span><\/a>\n\t\t\t<\/li><li class=\"wpml-ls-slot-footer wpml-ls-item wpml-ls-item-fr wpml-ls-item-legacy-list-horizontal\">\n\t\t\t\t<a href=\"https:\/\/unibat.org\/fr\/\" class=\"wpml-ls-link\">\n                    <span class=\"wpml-ls-native\" lang=\"fr\">Fran\u00e7ais<\/span><\/a>\n\t\t\t<\/li><li class=\"wpml-ls-slot-footer wpml-ls-item wpml-ls-item-de wpml-ls-last-item wpml-ls-item-legacy-list-horizontal\">\n\t\t\t\t<a href=\"https:\/\/unibat.org\/de\/\" class=\"wpml-ls-link\">\n                    <span class=\"wpml-ls-native\" lang=\"de\">Deutsch<\/span><\/a>\n\t\t\t<\/li><\/ul>\n<\/div>\n[\/et_pb_text][\/et_pb_column][\/et_pb_row][et_pb_row column_structure=&#8221;1_2,1_2&#8243; _builder_version=&#8221;4.23.4&#8243; _module_preset=&#8221;default&#8221; global_colors_info=&#8221;{}&#8221; theme_builder_area=&#8221;post_content&#8221;][et_pb_column type=&#8221;1_2&#8243; _builder_version=&#8221;4.23.4&#8243; _module_preset=&#8221;default&#8221; global_colors_info=&#8221;{}&#8221; theme_builder_area=&#8221;post_content&#8221;][et_pb_image src=&#8221;https:\/\/unibat.org\/wp-content\/uploads\/2024\/01\/unibat.png&#8221; title_text=&#8221;unibat&#8221; url=&#8221;@ET-DC@eyJkeW5hbWljIjp0cnVlLCJjb250ZW50IjoicG9zdF9saW5rX3VybF9wYWdlIiwic2V0dGluZ3MiOnsicG9zdF9pZCI6IjIiLCJlbmFibGVfaHRtbCI6Im9mZiJ9fQ==@&#8221; force_fullwidth=&#8221;on&#8221; _builder_version=&#8221;4.23.4&#8243; _dynamic_attributes=&#8221;url&#8221; _module_preset=&#8221;default&#8221; custom_margin=&#8221;||0px||false|false&#8221; custom_padding=&#8221;||0px||false|false&#8221; global_colors_info=&#8221;{}&#8221; theme_builder_area=&#8221;post_content&#8221;][\/et_pb_image][et_pb_text _builder_version=&#8221;4.23.4&#8243; _module_preset=&#8221;default&#8221; text_text_color=&#8221;#FFFFFF&#8221; custom_margin=&#8221;||0px||false|false&#8221; custom_padding=&#8221;||0px||false|false&#8221; global_colors_info=&#8221;{}&#8221; theme_builder_area=&#8221;post_content&#8221;]<\/p>\n<h2 style=\"color:#fff;\">Responsabilitat ambiental<\/h2>\n<p>[\/et_pb_text][\/et_pb_column][et_pb_column type=&#8221;1_2&#8243; _builder_version=&#8221;4.23.4&#8243; _module_preset=&#8221;default&#8221; global_colors_info=&#8221;{}&#8221; theme_builder_area=&#8221;post_content&#8221;][et_pb_menu _builder_version=&#8221;4.23.4&#8243; _module_preset=&#8221;default&#8221; global_colors_info=&#8221;{}&#8221; theme_builder_area=&#8221;post_content&#8221;][\/et_pb_menu][\/et_pb_column][\/et_pb_row][\/et_pb_section][et_pb_section fb_built=&#8221;1&#8243; admin_label=&#8221;Contenido&#8221; _builder_version=&#8221;4.23.4&#8243; _module_preset=&#8221;default&#8221; background_color=&#8221;#FFFFFF&#8221; background_enable_image=&#8221;off&#8221; background_position=&#8221;top_right&#8221; custom_margin=&#8221;0px||0px||false|false&#8221; custom_padding=&#8221;0px||0px||false|false&#8221; global_colors_info=&#8221;{}&#8221;][et_pb_row column_structure=&#8221;1_3,2_3&#8243; use_custom_gutter=&#8221;on&#8221; gutter_width=&#8221;1&#8243; admin_label=&#8221;Fila&#8221; _builder_version=&#8221;4.23.4&#8243; _module_preset=&#8221;default&#8221; global_colors_info=&#8221;{}&#8221;][et_pb_column type=&#8221;1_3&#8243; _builder_version=&#8221;4.23.4&#8243; _module_preset=&#8221;default&#8221; global_colors_info=&#8221;{}&#8221;][\/et_pb_column][et_pb_column type=&#8221;2_3&#8243; _builder_version=&#8221;4.23.4&#8243; _module_preset=&#8221;default&#8221; global_colors_info=&#8221;{}&#8221;][et_pb_text admin_label=&#8221;Pol\u00edtica de cookies&#8221; module_class=&#8221;justify&#8221; _builder_version=&#8221;4.23.4&#8243; _module_preset=&#8221;default&#8221; global_colors_info=&#8221;{}&#8221;]<\/p>\n<h1>POL\u00cdTICA DE COOKIES<\/h1>\n<p>El llocweb <a href=\"https:\/\/www.unibat.org\"><strong>www.unibat.org<\/strong><\/a> \u00e9s responsabilitat UNI\u00d3N DE INDUSTRIAS DE LA BATERIA, S.L. (en endavant UNIBAT), amb domicili social C\/Llull, 321-329 &#8211; Edifici CINC &#8211; Oficina 409 &#8211; 08019 &#8211; Barcelona (Barcelona) , amb CIF: B65373151 i adre\u00e7a de correu electr\u00f2nic: <a href=\"mailto:info@unibat.org\">info@unibat.org<\/a>.<\/p>\n<p>Conseq\u00fcentment, la utilitzaci\u00f3 de cookies se li aplica la present &#8220;Pol\u00edtica d&#8217;\u00das de Cookies&#8221; que ha estat elaborada per tal que l&#8217;usuari quedi informat dels diferents usos que es duen a terme en aquests dispositius i, pugui consentir el seu tractament de manera informada, de conformitat amb el que preveu la legislaci\u00f3 vigent.<\/p>\n<h3>Qu\u00e8 \u00e9s una cookie?<\/h3>\n<p>Una cookie \u00e9s un fitxer que es descarrega al seu ordinador en accedir l&#8217;usuari a determinades p\u00e0gines web. Les cookies permeten a una p\u00e0gina web, entre d\u2019altres coses, emmagatzemar i recuperar informaci\u00f3 sobre els h\u00e0bits de navegaci\u00f3 d\u2019un usuari o del seu equip i, depenent de la informaci\u00f3 que continguin i de la forma en qu\u00e8 utilitzi el seu equip, es poden utilitzar per recon\u00e8ixer a l&#8217;usuari.<\/p>\n<h3>Quins tipus de cookies hi ha?<\/h3>\n<p>Hi ha diversos tipus de cookies en funci\u00f3 de diferents criteris:<\/p>\n<p>En funci\u00f3 del temps que romanen activades:<\/p>\n<ul>\n<li>Cookies de sessi\u00f3. S\u00f3n un tipus de cookies dissenyades per demanar i emmagatzemar dades mentre l&#8217;usuari accedeix a una p\u00e0gina web.<\/li>\n<li>Cookies permanents: S\u00f3n un tipus de cookies en el qual les dades segueixen emmagatzemats en el terminal i poden ser accedits i tractats durant un per\u00edode definit pel responsable de la galeta.<\/li>\n<\/ul>\n<p>En funci\u00f3 de la titularitat:<\/p>\n<ul>\n<li>Cookies pr\u00f2pies. S\u00f3n les que pertanyen a UNIBAT<\/li>\n<li>Cookies de tercers. S\u00f3n aquelles la titularitat \u00e9s d&#8217;un tercer, diferent de UNIBAT, que ser\u00e0 qui tracti la informaci\u00f3 recollida.<\/li>\n<\/ul>\n<p>En funci\u00f3 de la seva finalitat:<\/p>\n<ul>\n<li>Cookies t\u00e8cniques i\/o de personalitzaci\u00f3. Son aqu\u00e9llas que sirven para mejorar el servicio, localizar incidencias, reconocer al usuario, etc.<\/li>\n<li>Cookies d&#8217;an\u00e0lisi i\/o de publicitat. S\u00f3n aquelles que serveixen per analitzar informaci\u00f3 sobre la navegaci\u00f3 i oferir publicitat, sigui gen\u00e8rica o personalitzada.<\/li>\n<\/ul>\n<h3>Quins tipus de cookies s\u00f3n m\u00e9s habituals<\/h3>\n<p>T\u00c8CNIQUES: S\u00f3n cookies PR\u00d2PIES, de sessi\u00f3, d&#8217;identificaci\u00f3, de configuraci\u00f3 i de registre, estrictament necess\u00e0ries per a la identificaci\u00f3 de l&#8217;usuari i per a la prestaci\u00f3 dels serveis sol\u00b7licitats per l&#8217;usuari. La informaci\u00f3 obtinguda a trav\u00e9s de les mateixes \u00e9s tractada \u00fanicament per UNIBAT<\/p>\n<p>D&#8217;AN\u00c0LISI: S\u00f3n aquelles que, ben tractades per nosaltres o per tercers, ens permeten quantificar el nombre d&#8217;usuaris i aix\u00ed realitzar el mesurament i an\u00e0lisi estad\u00edstica de la utilitzaci\u00f3 que fan els usuaris del servei ofert.<\/p>\n<p>Per aix\u00f2 s&#8217;analitza la seva navegaci\u00f3 a la nostra p\u00e0gina web per tal de millorar l&#8217;oferta de productes o serveis que li oferim.<\/p>\n<p>DE PUBLICITAT: S\u00f3n aquelles que, ben tractades per nosaltres o per tercers, permeten la gesti\u00f3, de la forma m\u00e9s efica\u00e7 possible, dels espais publicitaris que es poguessin incloure a la nostra p\u00e0gina web i\/o emmagatzemen informaci\u00f3 del comportament dels usuaris obtinguda a trav\u00e9s de l&#8217;observaci\u00f3 continuada. Gr\u00e0cies a elles, podem con\u00e8ixer els h\u00e0bits de navegaci\u00f3 a internet i mostrar-li publicitat relacionada amb el seu perfil de navegaci\u00f3.<\/p>\n<h3>Per qu\u00e8 serveix una cookie?<\/h3>\n<p>Les cookies s&#8217;utilitzen per poder oferir serveis i\/o publicitat personalitzats, per analitzar el funcionament del sistema, recon\u00e8ixer quan accedeix com a usuari, localitzar incid\u00e8ncies i problemes que puguin sorgir i solucionar en el menor termini possible, aix\u00ed com analitzar i mesurar l&#8217;\u00fas i activitat de la p\u00e0gina web.<\/p>\n<h3>Es necessita el meu consentiment per implantar una cookie?<\/h3>\n<p>No cal el consentiment per a la instal\u00b7laci\u00f3 de cookies t\u00e8cniques o les que siguin estrictament necess\u00e0ries per a la prestaci\u00f3 d&#8217;un servei de la societat de la informaci\u00f3 expressament sol\u00b7licitat pel destinatari.<\/p>\n<p>Per a la resta, s\u00ed que es necessita el consentiment de l&#8217;interessat que es pot sol\u00b7licitar per diferents vies. En el nostre cas, el consentiment es dona si accepta les cookies opcionals i no necess\u00e0ries pel funcionament de la web i podr\u00e0 anul.lar el consentiment i desactivar les cookies entrant a l\u2019apartat de \u201ccom desactivar les cookies\u201d que es troba al final d\u2019aquest document.<\/p>\n<h3>Quins tipus de cookies utilitza aquesta p\u00e0gina web?<\/h3>\n<p>Cookies t\u00e8cniques: S\u00f3n aquelles creades i gestionades \u00fanicament per nosaltres, i permeten a l&#8217;usuari la navegaci\u00f3 a trav\u00e9s de la nostra p\u00e0gina web i la utilitzaci\u00f3 de les diferents opcions com, per exemple, identificar la sessi\u00f3, personalitzar informaci\u00f3 o accedir a zones d&#8217;acc\u00e9s restringit.<\/p>\n<p>El lloc web de UNIBAT, utilitza Google Analytics, una eina d&#8217;anal\u00edtica web desenvolupada per Google, que ajuda els propietaris de llocs web a mesurar com interactuen els usuaris amb el contingut del lloc. PPer la prestaci\u00f3 d\u2019aquests serveis, Google Analytics utilitza cookies que recopilen la informaci\u00f3, inclosa l\u2019adre\u00e7a IP de l\u2019usuari que ser\u00e0 transmesa, tractada i emmagatzemada per Google en els termes fixats a la web Google.com.<\/p>\n<p>Per a m\u00e9s informaci\u00f3 veure: <a href=\"https:\/\/developers.google.com\/analytics\/devguides\/collection\/analyticsjs\/cookie-usage\">https:\/\/developers.google.com\/analytics\/devguides\/collection\/analyticsjs\/cookie-usage<\/a><\/p>\n<p>El domini web <a href=\"https:\/\/www.unibat.org\"><strong>www.unibat.org<\/strong><\/a> utilitza els seg\u00fcents tipus de cookies:<\/p>\n<table>\n<thead>\n<tr>\n<th>Propietat<\/th>\n<th>Nom de la cookie<\/th>\n<th>Finalitat<\/th>\n<th>Expira<\/th>\n<\/tr>\n<\/thead>\n<tbody>\n<tr>\n<td>https:\/\/www.unibat.org\/<\/td>\n<td>_ga<\/td>\n<td>Habilita la funci\u00f3 de control de visites \u00faniques. La primera vegada que un usuari entra en un lloc web a trav\u00e9s d\u2019un navegador s\u2019instal.lar\u00e0 aquesta cookie. Quan aquest usuari torni a entrar a la web amb el mateix navegador, la cookie considerar\u00e0 que \u00e9s el mateix usuari. Nom\u00e9s en el cas que l\u2019usuari canvii de navegador, es considerar\u00e0 que \u00e9s un altre usuari.<\/td>\n<td>2 anys<\/td>\n<\/tr>\n<tr>\n<td>https:\/\/www.unibat.org\/<\/td>\n<td>_gat<\/td>\n<td>Es fa servir per proporcionar seguiment t\u00e8cnic. Mostra la durada del per\u00edode en el que un servei pot emmagatzemar certes dades.<\/td>\n<td>La sessi\u00f3<\/td>\n<\/tr>\n<tr>\n<td>https:\/\/www.unibat.org\/<\/td>\n<td>_gid<\/td>\n<td>Es fa servir per distingir als usuaris.<\/td>\n<td>24 hores<\/td>\n<\/tr>\n<tr>\n<td>https:\/\/www.unibat.org\/<\/td>\n<td>CONSENT<\/td>\n<td>Es fa servir per emmagatzemar el consentiment de l&#8217;usuari.<\/td>\n<td>2 anys<\/td>\n<\/tr>\n<\/tbody>\n<\/table>\n<h3>Com desactivar cookies?<\/h3>\n<p>Pot permetre, bloquejar o eliminar les cookies instal\u00b7lades en el seu equip mitjan\u00e7ant la configuraci\u00f3 de les opcions del navegador en el vostre ordinador.<\/p>\n<ul>\n<li>Firefox : <a href=\"https:\/\/support.mozilla.org\/es\/kb\/habilitar-y-deshabilitar-cookies-sitios-web-rastrear-preferencias?redirectlocale=es&amp;redirectslug=habilitar-y-deshabilitar-cookies-que-los-sitios-we\">https:\/\/support.mozilla.org\/es\/kb\/habilitar-y-deshabilitar-cookies-sitios-web-rastrear-preferencias?redirectlocale=es&amp;redirectslug=habilitar-y-deshabilitar-cookies-que-los-sitios-we<\/a><\/li>\n<li>Chrome: <a href=\"https:\/\/support.google.com\/chrome\/answer\/95647?hl=es\">https:\/\/support.google.com\/chrome\/answer\/95647?hl=es<\/a><\/li>\n<li>Internet Explorer: <a href=\"https:\/\/support.microsoft.com\/es-es\/products\/windows?os=windows-10\">https:\/\/support.microsoft.com\/es-es\/products\/windows?os=windows-10<\/a><\/li>\n<li>Safari: <a href=\"https:\/\/support.apple.com\/kb\/ph5042?locale=es_ES\">https:\/\/support.apple.com\/kb\/ph5042?locale=es_ES<\/a><\/li>\n<li>Safari para iOS: <a href=\"https:\/\/support.apple.com\/es-es\/HT201265\">https:\/\/support.apple.com\/es-es\/HT201265<\/a><\/li>\n<li>Opera: <a href=\"http:\/\/help.opera.com\/Windows\/11.50\/es-ES\/cookies.html\">http:\/\/help.opera.com\/Windows\/11.50\/es-ES\/cookies.html<\/a><\/li>\n<\/ul>\n<h3>Exercici de drets<\/h3>\n<p>Pot con\u00e8ixer i exercir els seus drets en mat\u00e8ria de protecci\u00f3 de dades accedint a la nostra <a href=\"https:\/\/unibat.org\/politica-de-privacidad\/\">poli\u00edtica de privacitat<\/a>.<\/p>\n<h3>Informaci\u00f3 addicional<\/h3>\n<p>Podeu consultar m\u00e9s informaci\u00f3 a la guia sobre l&#8217;\u00fas de les cookies editada per l&#8217;AEPD en el seg\u00fcent enlla\u00e7 <a href=\"https:\/\/www.aepd.es\/es\/documento\/guia-cookies.pdf\">https:\/\/www.aepd.es\/es\/documento\/guia-cookies.pdf<\/a><\/p>\n<p>[\/et_pb_text][\/et_pb_column][\/et_pb_row][\/et_pb_section][et_pb_section fb_built=&#8221;1&#8243; disabled_on=&#8221;on|off|off&#8221; admin_label=&#8221;Barra lateral&#8221; module_id=&#8221;nav-left&#8221; _builder_version=&#8221;4.23.4&#8243; _module_preset=&#8221;default&#8221; background_color=&#8221;RGBA(255,255,255,0)&#8221; custom_margin=&#8221;||0px||false|false&#8221; custom_padding=&#8221;||0px||false|false&#8221; saved_tabs=&#8221;all&#8221; global_colors_info=&#8221;{}&#8221;][et_pb_row column_structure=&#8221;3_4,1_4&#8243; admin_label=&#8221;Fila&#8221; _builder_version=&#8221;4.23.4&#8243; _module_preset=&#8221;default&#8221; custom_margin=&#8221;||||false|false&#8221; custom_padding=&#8221;||||false|false&#8221; global_colors_info=&#8221;{}&#8221;][et_pb_column type=&#8221;3_4&#8243; module_id=&#8221;nav-left-conten&#8221; _builder_version=&#8221;4.23.4&#8243; _module_preset=&#8221;default&#8221; background_enable_image=&#8221;off&#8221; global_colors_info=&#8221;{}&#8221;][et_pb_text admin_label=&#8221;Idiomas&#8221; module_id=&#8221;idiomas&#8221; _builder_version=&#8221;4.23.4&#8243; _module_preset=&#8221;default&#8221; global_colors_info=&#8221;{}&#8221;]\n<div class=\"wpml-ls-statics-footer wpml-ls wpml-ls-legacy-list-horizontal\">\n\t<ul><li class=\"wpml-ls-slot-footer wpml-ls-item wpml-ls-item-es wpml-ls-first-item wpml-ls-item-legacy-list-horizontal\">\n\t\t\t\t<a href=\"https:\/\/unibat.org\/\" class=\"wpml-ls-link\">\n                    <span class=\"wpml-ls-native\" lang=\"es\">Espa\u00f1ol<\/span><\/a>\n\t\t\t<\/li><li class=\"wpml-ls-slot-footer wpml-ls-item wpml-ls-item-ca wpml-ls-current-language wpml-ls-item-legacy-list-horizontal\">\n\t\t\t\t<a href=\"https:\/\/unibat.org\/ca\/\" class=\"wpml-ls-link\">\n                    <span class=\"wpml-ls-native\">Catal\u00e0<\/span><\/a>\n\t\t\t<\/li><li class=\"wpml-ls-slot-footer wpml-ls-item wpml-ls-item-en wpml-ls-item-legacy-list-horizontal\">\n\t\t\t\t<a href=\"https:\/\/unibat.org\/en\/\" class=\"wpml-ls-link\">\n                    <span class=\"wpml-ls-native\" lang=\"en\">English<\/span><\/a>\n\t\t\t<\/li><li class=\"wpml-ls-slot-footer wpml-ls-item wpml-ls-item-fr wpml-ls-item-legacy-list-horizontal\">\n\t\t\t\t<a href=\"https:\/\/unibat.org\/fr\/\" class=\"wpml-ls-link\">\n                    <span class=\"wpml-ls-native\" lang=\"fr\">Fran\u00e7ais<\/span><\/a>\n\t\t\t<\/li><li class=\"wpml-ls-slot-footer wpml-ls-item wpml-ls-item-de wpml-ls-last-item wpml-ls-item-legacy-list-horizontal\">\n\t\t\t\t<a href=\"https:\/\/unibat.org\/de\/\" class=\"wpml-ls-link\">\n                    <span class=\"wpml-ls-native\" lang=\"de\">Deutsch<\/span><\/a>\n\t\t\t<\/li><\/ul>\n<\/div>\n[\/et_pb_text][et_pb_menu _builder_version=&#8221;4.23.4&#8243; _module_preset=&#8221;default&#8221; global_colors_info=&#8221;{}&#8221;][\/et_pb_menu][et_pb_image src=&#8221;https:\/\/unibat.org\/wp-content\/uploads\/2024\/01\/unibat.png&#8221; title_text=&#8221;unibat&#8221; url=&#8221;@ET-DC@eyJkeW5hbWljIjp0cnVlLCJjb250ZW50IjoicG9zdF9saW5rX3VybF9wYWdlIiwic2V0dGluZ3MiOnsicG9zdF9pZCI6IjIifX0=@&#8221; align=&#8221;right&#8221; force_fullwidth=&#8221;on&#8221; admin_label=&#8221;Logo&#8221; module_id=&#8221;logo&#8221; _builder_version=&#8221;4.23.4&#8243; _dynamic_attributes=&#8221;url&#8221; _module_preset=&#8221;default&#8221; global_colors_info=&#8221;{}&#8221;][\/et_pb_image][et_pb_text admin_label=&#8221;Responsabilidad ambiental&#8221; _builder_version=&#8221;4.23.4&#8243; _module_preset=&#8221;default&#8221; global_colors_info=&#8221;{}&#8221;]<\/p>\n<h2 style=\"text-align: right;\">Responsabilitat ambiental<\/h2>\n<p>[\/et_pb_text][et_pb_text admin_label=&#8221;Home&#8221; module_id=&#8221;text-home&#8221; _builder_version=&#8221;4.23.4&#8243; _module_preset=&#8221;default&#8221; global_colors_info=&#8221;{}&#8221;]<\/p>\n<h3 style=\"text-align: right;\">Donem suport al futur<\/h3>\n<p style=\"text-align: right;\">Treballem per una gesti\u00f3 efica\u00e7 i senzilla de les teves responsabilitats legals amb el reciclatge de piles i bateries.<\/p>\n<p>[\/et_pb_text][et_pb_text admin_label=&#8221;Qui\u00e9nes somos&#8221; module_id=&#8221;text-quienes-somos&#8221; _builder_version=&#8221;4.23.4&#8243; _module_preset=&#8221;default&#8221; global_colors_info=&#8221;{}&#8221;]<\/p>\n<h3 style=\"text-align: right;\">Qui som<\/h3>\n<p style=\"text-align: right;\">Som un equip hum\u00e0 que ofereix un tracte excel\u00b7lent i proper<\/p>\n<p>[\/et_pb_text][et_pb_text admin_label=&#8221;Qu\u00e9 podemos hacer por ti&#8221; module_id=&#8221;text-hacer&#8221; _builder_version=&#8221;4.23.4&#8243; _module_preset=&#8221;default&#8221; global_colors_info=&#8221;{}&#8221;]<\/p>\n<h3 style=\"text-align: right;\">Qu\u00e8 podem fer per tu<\/h3>\n<p style=\"text-align: right;\">Volem garantir-te total tranquil\u00b7litat i confian\u00e7a<\/p>\n<p>[\/et_pb_text][et_pb_text admin_label=&#8221;Divulgaci\u00f3n&#8221; module_id=&#8221;text-divulgacion&#8221; _builder_version=&#8221;4.23.4&#8243; _module_preset=&#8221;default&#8221; global_colors_info=&#8221;{}&#8221;]<\/p>\n<h3 style=\"text-align: right;\">Centre de divulgaci\u00f3<\/h3>\n<p style=\"text-align: right;\">Noticies UNIBAT<\/p>\n<p>[\/et_pb_text][et_pb_text admin_label=&#8221;Contacto&#8221; module_id=&#8221;text-contacto&#8221; _builder_version=&#8221;4.23.4&#8243; _module_preset=&#8221;default&#8221; global_colors_info=&#8221;{}&#8221;]<\/p>\n<h3 style=\"text-align: right;\">Contacte<\/h3>\n<p>[\/et_pb_text][et_pb_menu menu_id=&#8221;3&#8243; admin_label=&#8221;Men\u00fa legal&#8221; _builder_version=&#8221;4.23.4&#8243; _module_preset=&#8221;default&#8221; global_colors_info=&#8221;{}&#8221;][\/et_pb_menu][\/et_pb_column][et_pb_column type=&#8221;1_4&#8243; module_id=&#8221;nav-left-conten&#8221; _builder_version=&#8221;4.23.4&#8243; _module_preset=&#8221;default&#8221; background_enable_image=&#8221;off&#8221; global_colors_info=&#8221;{}&#8221;][\/et_pb_column][\/et_pb_row][\/et_pb_section][et_pb_section fb_built=&#8221;1&#8243; disabled_on=&#8221;off|on|on&#8221; admin_label=&#8221;Footer&#8221; module_id=&#8221;footer&#8221; _builder_version=&#8221;4.23.4&#8243; _module_preset=&#8221;default&#8221; background_color=&#8221;#0075bc&#8221; custom_margin=&#8221;0px||0px||false|false&#8221; custom_padding=&#8221;0px||0px||false|false&#8221; saved_tabs=&#8221;all&#8221; global_colors_info=&#8221;{}&#8221;][et_pb_row _builder_version=&#8221;4.23.4&#8243; _module_preset=&#8221;default&#8221; global_colors_info=&#8221;{}&#8221;][et_pb_column type=&#8221;4_4&#8243; _builder_version=&#8221;4.23.4&#8243; _module_preset=&#8221;default&#8221; global_colors_info=&#8221;{}&#8221;][et_pb_text _builder_version=&#8221;4.23.4&#8243; _module_preset=&#8221;default&#8221; global_colors_info=&#8221;{}&#8221;]<\/p>\n<p><a href=\"https:\/\/unibat.org\/ca\/avis-legal\/\">Av\u00eds legal<\/a><\/p>\n<p><a href=\"https:\/\/unibat.org\/ca\/politica-de-privacitat\/\">Pol\u00edtica de privacitat<\/a><\/p>\n<p><a href=\"https:\/\/unibat.org\/ca\/politica-de-cookies\/\">Pol\u00edtica de cookies<\/a><\/p>\n<p>[\/et_pb_text][\/et_pb_column][\/et_pb_row][\/et_pb_section]<\/p>\n","protected":false},"excerpt":{"rendered":"<p>\n<div class=\"wpml-ls-statics-footer wpml-ls wpml-ls-legacy-list-horizontal\">\n\t<ul><li class=\"wpml-ls-slot-footer wpml-ls-item wpml-ls-item-es wpml-ls-first-item wpml-ls-item-legacy-list-horizontal\">\n\t\t\t\t<a href=\"https:\/\/unibat.org\/\" class=\"wpml-ls-link\">\n                    <span class=\"wpml-ls-native\" lang=\"es\">Espa\u00f1ol<\/span><\/a>\n\t\t\t<\/li><li class=\"wpml-ls-slot-footer wpml-ls-item wpml-ls-item-ca wpml-ls-current-language wpml-ls-item-legacy-list-horizontal\">\n\t\t\t\t<a href=\"https:\/\/unibat.org\/ca\/\" class=\"wpml-ls-link\">\n                    <span class=\"wpml-ls-native\">Catal\u00e0<\/span><\/a>\n\t\t\t<\/li><li class=\"wpml-ls-slot-footer wpml-ls-item wpml-ls-item-en wpml-ls-item-legacy-list-horizontal\">\n\t\t\t\t<a href=\"https:\/\/unibat.org\/en\/\" class=\"wpml-ls-link\">\n                    <span class=\"wpml-ls-native\" lang=\"en\">English<\/span><\/a>\n\t\t\t<\/li><li class=\"wpml-ls-slot-footer wpml-ls-item wpml-ls-item-fr wpml-ls-item-legacy-list-horizontal\">\n\t\t\t\t<a href=\"https:\/\/unibat.org\/fr\/\" class=\"wpml-ls-link\">\n                    <span class=\"wpml-ls-native\" lang=\"fr\">Fran\u00e7ais<\/span><\/a>\n\t\t\t<\/li><li class=\"wpml-ls-slot-footer wpml-ls-item wpml-ls-item-de wpml-ls-last-item wpml-ls-item-legacy-list-horizontal\">\n\t\t\t\t<a href=\"https:\/\/unibat.org\/de\/\" class=\"wpml-ls-link\">\n                    <span class=\"wpml-ls-native\" lang=\"de\">Deutsch<\/span><\/a>\n\t\t\t<\/li><\/ul>\n<\/div>\nResponsabilitat ambientalPOL\u00cdTICA DE COOKIES El llocweb www.unibat.org \u00e9s responsabilitat UNI\u00d3N DE INDUSTRIAS DE LA BATERIA, S.L. (en endavant UNIBAT), amb domicili social C\/Llull, 321-329 &#8211; Edifici CINC &#8211; Oficina 409 &#8211; 08019 &#8211; Barcelona (Barcelona) , amb CIF: B65373151 i adre\u00e7a de correu electr\u00f2nic: info@unibat.org. Conseq\u00fcentment, la utilitzaci\u00f3 de cookies se [&hellip;]<\/p>\n","protected":false},"author":1,"featured_media":0,"parent":0,"menu_order":0,"comment_status":"closed","ping_status":"open","template":"page-template-blank.php","meta":{"_et_pb_use_builder":"on","_et_pb_old_content":"","_et_gb_content_width":"","footnotes":""},"aioseo_notices":[],"_links":{"self":[{"href":"https:\/\/unibat.org\/ca\/wp-json\/wp\/v2\/pages\/858"}],"collection":[{"href":"https:\/\/unibat.org\/ca\/wp-json\/wp\/v2\/pages"}],"about":[{"href":"https:\/\/unibat.org\/ca\/wp-json\/wp\/v2\/types\/page"}],"author":[{"embeddable":true,"href":"https:\/\/unibat.org\/ca\/wp-json\/wp\/v2\/users\/1"}],"replies":[{"embeddable":true,"href":"https:\/\/unibat.org\/ca\/wp-json\/wp\/v2\/comments?post=858"}],"version-history":[{"count":7,"href":"https:\/\/unibat.org\/ca\/wp-json\/wp\/v2\/pages\/858\/revisions"}],"predecessor-version":[{"id":1045,"href":"https:\/\/unibat.org\/ca\/wp-json\/wp\/v2\/pages\/858\/revisions\/1045"}],"wp:attachment":[{"href":"https:\/\/unibat.org\/ca\/wp-json\/wp\/v2\/media?parent=858"}],"curies":[{"name":"wp","href":"https:\/\/api.w.org\/{rel}","templated":true}]}}